{"id":64,"date":"2024-08-02T14:31:27","date_gmt":"2024-08-02T14:31:27","guid":{"rendered":"https:\/\/www.ateneudecoimbra.pt\/?page_id=64"},"modified":"2024-11-22T15:35:21","modified_gmt":"2024-11-22T15:35:21","slug":"corpos-sociais","status":"publish","type":"page","link":"https:\/\/www.ateneudecoimbra.pt\/index.php\/corpos-sociais\/","title":{"rendered":"Corpos Sociais"},"content":{"rendered":"\n<p class=\"has-large-font-size\">Mesa da Assembleia Geral<\/p>\n\n\n\n<p class=\"has-medium-font-size\">Presidente<strong> Lu\u00eds Manuel Santos Lobo<\/strong><br>1\u00ba Secret\u00e1rio<strong> Andr\u00e9 Borges Jer\u00f3nimo<\/strong><br>2\u00ba Secret\u00e1ria<strong> Sara Sofia Jesus Ferreira<\/strong><\/p>\n\n\n\n<div style=\"height:35px\" aria-hidden=\"true\" class=\"wp-block-spacer\"><\/div>\n\n\n\n<p class=\"has-large-font-size\">Conselho Fiscal<\/p>\n\n\n\n<p>Presidente<strong> Herm\u00ednio Sim\u00f5es Martins<\/strong><br>Vogal <strong>Ana Paula Cunha Martins Pinto Pires<\/strong><br>Vogal <strong>Lu\u00eds Augusto Dias Leite<\/strong><\/p>\n\n\n\n<div style=\"height:35px\" aria-hidden=\"true\" class=\"wp-block-spacer\"><\/div>\n\n\n\n<p class=\"has-large-font-size\">Direc\u00e7\u00e3o<\/p>\n\n\n\n<p>Presidente <strong>Manuel Vaz Pires da Rocha<\/strong><br>Vice-Presidente <strong>Beatriz Maria de Oliveira Duarte Rosa<\/strong><br>Secret\u00e1ria <strong>Joana Cardoso\u00a0da\u00a0Costa<\/strong><br>Tesoureira <strong>Maria de F\u00e1tima Janu\u00e1rio<\/strong><br>Vogal <strong>Diogo de Castro Lobo<\/strong><br>Vogal <strong>Fernando da Silva e S\u00e1<\/strong><br>Vogal <strong>Jo\u00e3o Nuno Damas Pinto \u00c2ngelo<\/strong><br>Vogal <strong>Mafalda Neves Pena Morais Sarmento<\/strong><br>Vogal <strong>Maria Celeste Laurentina P\u00f3voa Nunes<\/strong><\/p>\n","protected":false},"excerpt":{"rendered":"<p>Mesa da Assembleia Geral Presidente Lu\u00eds Manuel Santos Lobo1\u00ba Secret\u00e1rio Andr\u00e9 Borges Jer\u00f3nimo2\u00ba Secret\u00e1ria Sara Sofia Jesus Ferreira Conselho Fiscal Presidente Herm\u00ednio Sim\u00f5es MartinsVogal Ana Paula Cunha Martins Pinto PiresVogal Lu\u00eds Augusto Dias Leite Direc\u00e7\u00e3o Presidente Manuel Vaz Pires da RochaVice-Presidente Beatriz Maria de Oliveira Duarte RosaSecret\u00e1ria Joana Cardoso\u00a0da\u00a0CostaTesoureira Maria de F\u00e1tima Janu\u00e1rioVogal Diogo de [&hellip;]<\/p>\n","protected":false},"author":1,"featured_media":0,"parent":0,"menu_order":0,"comment_status":"closed","ping_status":"closed","template":"","meta":{"footnotes":""},"class_list":["post-64","page","type-page","status-publish","hentry"],"_links":{"self":[{"href":"https:\/\/www.ateneudecoimbra.pt\/index.php\/wp-json\/wp\/v2\/pages\/64","targetHints":{"allow":["GET"]}}],"collection":[{"href":"https:\/\/www.ateneudecoimbra.pt\/index.php\/wp-json\/wp\/v2\/pages"}],"about":[{"href":"https:\/\/www.ateneudecoimbra.pt\/index.php\/wp-json\/wp\/v2\/types\/page"}],"author":[{"embeddable":true,"href":"https:\/\/www.ateneudecoimbra.pt\/index.php\/wp-json\/wp\/v2\/users\/1"}],"replies":[{"embeddable":true,"href":"https:\/\/www.ateneudecoimbra.pt\/index.php\/wp-json\/wp\/v2\/comments?post=64"}],"version-history":[{"count":2,"href":"https:\/\/www.ateneudecoimbra.pt\/index.php\/wp-json\/wp\/v2\/pages\/64\/revisions"}],"predecessor-version":[{"id":112,"href":"https:\/\/www.ateneudecoimbra.pt\/index.php\/wp-json\/wp\/v2\/pages\/64\/revisions\/112"}],"wp:attachment":[{"href":"https:\/\/www.ateneudecoimbra.pt\/index.php\/wp-json\/wp\/v2\/media?parent=64"}],"curies":[{"name":"wp","href":"https:\/\/api.w.org\/{rel}","templated":true}]}}