{"id":48,"date":"2024-08-02T14:02:50","date_gmt":"2024-08-02T14:02:50","guid":{"rendered":"https:\/\/www.ateneudecoimbra.pt\/?page_id=48"},"modified":"2024-08-02T14:02:54","modified_gmt":"2024-08-02T14:02:54","slug":"servico-de-apoio-domiciliario","status":"publish","type":"page","link":"https:\/\/www.ateneudecoimbra.pt\/index.php\/servico-de-apoio-domiciliario\/","title":{"rendered":"Servi\u00e7o de Apoio Domicili\u00e1rio"},"content":{"rendered":"\n<p>P\u00e1gina em constru\u00e7\u00e3o<\/p>\n","protected":false},"excerpt":{"rendered":"<p>P\u00e1gina em constru\u00e7\u00e3o<\/p>\n","protected":false},"author":1,"featured_media":0,"parent":0,"menu_order":0,"comment_status":"closed","ping_status":"closed","template":"","meta":{"footnotes":""},"class_list":["post-48","page","type-page","status-publish","hentry"],"_links":{"self":[{"href":"https:\/\/www.ateneudecoimbra.pt\/index.php\/wp-json\/wp\/v2\/pages\/48","targetHints":{"allow":["GET"]}}],"collection":[{"href":"https:\/\/www.ateneudecoimbra.pt\/index.php\/wp-json\/wp\/v2\/pages"}],"about":[{"href":"https:\/\/www.ateneudecoimbra.pt\/index.php\/wp-json\/wp\/v2\/types\/page"}],"author":[{"embeddable":true,"href":"https:\/\/www.ateneudecoimbra.pt\/index.php\/wp-json\/wp\/v2\/users\/1"}],"replies":[{"embeddable":true,"href":"https:\/\/www.ateneudecoimbra.pt\/index.php\/wp-json\/wp\/v2\/comments?post=48"}],"version-history":[{"count":2,"href":"https:\/\/www.ateneudecoimbra.pt\/index.php\/wp-json\/wp\/v2\/pages\/48\/revisions"}],"predecessor-version":[{"id":50,"href":"https:\/\/www.ateneudecoimbra.pt\/index.php\/wp-json\/wp\/v2\/pages\/48\/revisions\/50"}],"wp:attachment":[{"href":"https:\/\/www.ateneudecoimbra.pt\/index.php\/wp-json\/wp\/v2\/media?parent=48"}],"curies":[{"name":"wp","href":"https:\/\/api.w.org\/{rel}","templated":true}]}}