{"id":2,"date":"2024-07-10T10:59:12","date_gmt":"2024-07-10T10:59:12","guid":{"rendered":"https:\/\/www.ateneudecoimbra.pt\/?page_id=2"},"modified":"2026-04-14T23:47:18","modified_gmt":"2026-04-14T23:47:18","slug":"sample-page","status":"publish","type":"page","link":"https:\/\/www.ateneudecoimbra.pt\/","title":{"rendered":"ATENEU DE COIMBRA"},"content":{"rendered":"\n<p><em>Toda a arte, toda a cultura, n\u00e3o esque\u00e7amos, requer um esfor\u00e7o de quem a aborda. Fazer obra de Cultura Popular consiste n\u00e3o em evitar esse esfor\u00e7o, mas sim em criar as condi\u00e7\u00f5es necess\u00e1rias para que tal esfor\u00e7o frutifique na aquisi\u00e7\u00e3o de conhecimentos, no exercitar da intelig\u00eancia, no apuramento da sensibilidade, na forma\u00e7\u00e3o do car\u00e1cter.<\/em><\/p>\n\n\n\n<p class=\"has-text-align-right\">Jo\u00e3o Jos\u00e9 Cochofel<\/p>\n\n\n\n<p><\/p>\n\n\n\n<div class=\"wp-block-media-text is-stacked-on-mobile\"><figure class=\"wp-block-media-text__media\"><a href=\"https:\/\/www.ateneudecoimbra.pt\/wp-content\/uploads\/2026\/03\/Convocatoria_AGOrdMar2026_AGExtraord_signed.pdf\"><img loading=\"lazy\" decoding=\"async\" width=\"1024\" height=\"779\" src=\"https:\/\/www.ateneudecoimbra.pt\/wp-content\/uploads\/2026\/03\/PessoasReunindo_parte_comLogo-1024x779.jpg\" alt=\"\" class=\"wp-image-135 size-full\" srcset=\"https:\/\/www.ateneudecoimbra.pt\/wp-content\/uploads\/2026\/03\/PessoasReunindo_parte_comLogo-1024x779.jpg 1024w, https:\/\/www.ateneudecoimbra.pt\/wp-content\/uploads\/2026\/03\/PessoasReunindo_parte_comLogo-300x228.jpg 300w, https:\/\/www.ateneudecoimbra.pt\/wp-content\/uploads\/2026\/03\/PessoasReunindo_parte_comLogo-768x584.jpg 768w, https:\/\/www.ateneudecoimbra.pt\/wp-content\/uploads\/2026\/03\/PessoasReunindo_parte_comLogo.jpg 1206w\" sizes=\"auto, (max-width: 1024px) 100vw, 1024px\" \/><\/a><\/figure><div class=\"wp-block-media-text__content\">\n<p class=\"has-text-color has-link-color wp-elements-eb3b4ecdf920f05e623706b3dcf7f9eb\" style=\"color:#060000;font-size:clamp(0.875em, 0.875rem + ((1vw - 0.2em) * 0.275), 1.04em);\">No dia 24 de mar\u00e7o realizaram-se reuni\u00f5es da Assembleia Geral, numa sess\u00e3o ordin\u00e1ria e numa sess\u00e3o extraordin\u00e1ria. Consulte as <a href=\"https:\/\/www.ateneudecoimbra.pt\/wp-content\/uploads\/2026\/03\/Convocatoria_AGOrdMar2026_AGExtraord_signed.pdf\">convocat\u00f3rias<\/a> e o <a href=\"https:\/\/www.ateneudecoimbra.pt\/wp-content\/uploads\/2026\/04\/AteneudeCoimbra_RelatorioAtividades2025eContas.pdf\">Relat\u00f3rio de Atividades e Contas de 2025<\/a> a\u00ed aprovado.<\/p>\n<\/div><\/div>\n\n\n\n<p><\/p>\n","protected":false},"excerpt":{"rendered":"<p>Toda a arte, toda a cultura, n\u00e3o esque\u00e7amos, requer um esfor\u00e7o de quem a aborda. Fazer obra de Cultura Popular consiste n\u00e3o em evitar esse esfor\u00e7o, mas sim em criar as condi\u00e7\u00f5es necess\u00e1rias para que tal esfor\u00e7o frutifique na aquisi\u00e7\u00e3o de conhecimentos, no exercitar da intelig\u00eancia, no apuramento da sensibilidade, na forma\u00e7\u00e3o do car\u00e1cter. Jo\u00e3o [&hellip;]<\/p>\n","protected":false},"author":1,"featured_media":11,"parent":0,"menu_order":0,"comment_status":"closed","ping_status":"open","template":"","meta":{"footnotes":""},"class_list":["post-2","page","type-page","status-publish","has-post-thumbnail","hentry"],"_links":{"self":[{"href":"https:\/\/www.ateneudecoimbra.pt\/index.php\/wp-json\/wp\/v2\/pages\/2","targetHints":{"allow":["GET"]}}],"collection":[{"href":"https:\/\/www.ateneudecoimbra.pt\/index.php\/wp-json\/wp\/v2\/pages"}],"about":[{"href":"https:\/\/www.ateneudecoimbra.pt\/index.php\/wp-json\/wp\/v2\/types\/page"}],"author":[{"embeddable":true,"href":"https:\/\/www.ateneudecoimbra.pt\/index.php\/wp-json\/wp\/v2\/users\/1"}],"replies":[{"embeddable":true,"href":"https:\/\/www.ateneudecoimbra.pt\/index.php\/wp-json\/wp\/v2\/comments?post=2"}],"version-history":[{"count":12,"href":"https:\/\/www.ateneudecoimbra.pt\/index.php\/wp-json\/wp\/v2\/pages\/2\/revisions"}],"predecessor-version":[{"id":148,"href":"https:\/\/www.ateneudecoimbra.pt\/index.php\/wp-json\/wp\/v2\/pages\/2\/revisions\/148"}],"wp:featuredmedia":[{"embeddable":true,"href":"https:\/\/www.ateneudecoimbra.pt\/index.php\/wp-json\/wp\/v2\/media\/11"}],"wp:attachment":[{"href":"https:\/\/www.ateneudecoimbra.pt\/index.php\/wp-json\/wp\/v2\/media?parent=2"}],"curies":[{"name":"wp","href":"https:\/\/api.w.org\/{rel}","templated":true}]}}